{"id":836,"date":"2018-08-30T14:25:39","date_gmt":"2018-08-30T17:25:39","guid":{"rendered":"https:\/\/ifdclp-ers.infd.edu.ar\/sitio\/datos-institucionales\/"},"modified":"2025-04-28T22:57:30","modified_gmt":"2025-04-29T01:57:30","slug":"datos-institucionales","status":"publish","type":"page","link":"https:\/\/ifdclp-ers.infd.edu.ar\/sitio\/datos-institucionales\/","title":{"rendered":"Datos institucionales"},"content":{"rendered":"<blockquote>\n<p style=\"text-align: center;\"><span style=\"font-size: 10pt; font-family: verdana;\"><strong><span style=\"color: #888888;\">Instituto Superior de Formaci\u00f3n Docente PROFESOR ROGELIO LEITES<\/span><\/strong><\/span><\/p>\n<ul>\n<li><span style=\"font-size: 10pt; font-family: verdana;\">Horarios de atencion: Lunes a Viernes 19:15 &#8211; 23:45<\/span><\/li>\n<li><span style=\"font-size: 10pt; font-family: verdana;\">Direcci\u00f3n: Echague y Berutti<\/span><\/li>\n<li><span style=\"font-size: 10pt; font-family: verdana;\">Tel\u00e9fonos: 03437-423908 (19:15 &#8211; 23:45)<\/span><\/li>\n<li><span style=\"font-size: 10pt; font-family: verdana;\">E-mail: isfd.leites.lp@entrerios.edu.ar\u00a0<\/span><\/li>\n<\/ul>\n<p><img decoding=\"async\" title=\"\" src=\"https:\/\/ifdclp-ers.infd.edu.ar\/sitio\/wp-content\/uploads\/2018\/08\/instituto1.jpg\" alt=\"\" border=\"0\" \/><\/p><\/blockquote>\n","protected":false},"excerpt":{"rendered":"<p>Instituto Superior de Formaci\u00f3n Docente PROFESOR ROGELIO LEITES Horarios de atencion: Lunes a Viernes 19:15 &#8211; 23:45 Direcci\u00f3n: Echague y Berutti Tel\u00e9fonos: 03437-423908 (19:15 &#8211; 23:45) E-mail: isfd.leites.lp@entrerios.edu.ar\u00a0<\/p>\n","protected":false},"author":897,"featured_media":0,"parent":0,"menu_order":0,"comment_status":"closed","ping_status":"closed","template":"","meta":[],"acf":[],"_links":{"self":[{"href":"https:\/\/ifdclp-ers.infd.edu.ar\/sitio\/wp-json\/wp\/v2\/pages\/836"}],"collection":[{"href":"https:\/\/ifdclp-ers.infd.edu.ar\/sitio\/wp-json\/wp\/v2\/pages"}],"about":[{"href":"https:\/\/ifdclp-ers.infd.edu.ar\/sitio\/wp-json\/wp\/v2\/types\/page"}],"author":[{"embeddable":true,"href":"https:\/\/ifdclp-ers.infd.edu.ar\/sitio\/wp-json\/wp\/v2\/users\/897"}],"replies":[{"embeddable":true,"href":"https:\/\/ifdclp-ers.infd.edu.ar\/sitio\/wp-json\/wp\/v2\/comments?post=836"}],"version-history":[{"count":3,"href":"https:\/\/ifdclp-ers.infd.edu.ar\/sitio\/wp-json\/wp\/v2\/pages\/836\/revisions"}],"predecessor-version":[{"id":1359,"href":"https:\/\/ifdclp-ers.infd.edu.ar\/sitio\/wp-json\/wp\/v2\/pages\/836\/revisions\/1359"}],"wp:attachment":[{"href":"https:\/\/ifdclp-ers.infd.edu.ar\/sitio\/wp-json\/wp\/v2\/media?parent=836"}],"curies":[{"name":"wp","href":"https:\/\/api.w.org\/{rel}","templated":true}]}}