{"id":817,"date":"2018-08-30T14:25:30","date_gmt":"2018-08-30T17:25:30","guid":{"rendered":"https:\/\/ifdclp-ers.infd.edu.ar\/sitio\/informacion-para-ingresantes\/"},"modified":"2026-04-22T16:23:46","modified_gmt":"2026-04-22T19:23:46","slug":"instructivos-para-tramites-sage","status":"publish","type":"page","link":"https:\/\/ifdclp-ers.infd.edu.ar\/sitio\/inicio\/instructivos-para-tramites-sage\/","title":{"rendered":"Tutoriales aulas INFOD"},"content":{"rendered":"\n<p><\/p>\n\n\n\n<figure class=\"wp-block-table\"><table><tbody><tr><td>Alta individual de estudiante<\/td><td><a href=\"https:\/\/ifdclp-ers.infd.edu.ar\/aula\/archivos\/repositorio\/\/0\/211\/Alta-usuarios-aulas_1.pdf\" data-type=\"URL\" data-id=\"https:\/\/ifdclp-ers.infd.edu.ar\/aula\/archivos\/repositorio\/\/0\/211\/Alta-usuarios-aulas_1.pdf\"><img decoding=\"async\" src=\"https:\/\/ifdclp-ers.infd.edu.ar\/sitio\/wp-content\/uploads\/2018\/08\/icono_pdf.gif\" alt=\"Icono pdf\"><\/a><\/td><\/tr><tr><td>Alta de listado de estudiantes a un aula<\/td><td><a href=\"https:\/\/ifdclp-ers.infd.edu.ar\/aula\/archivos\/repositorio\/\/0\/215\/importar-usuarios_2.pdf\" data-type=\"URL\" data-id=\"https:\/\/ifdclp-ers.infd.edu.ar\/aula\/archivos\/repositorio\/\/0\/215\/importar-usuarios_2.pdf\"><img decoding=\"async\" src=\"https:\/\/ifdclp-ers.infd.edu.ar\/sitio\/wp-content\/uploads\/2018\/08\/icono_pdf.gif\" alt=\"Icono pdf\"><\/a><\/td><\/tr><tr><td>Crear una clase &#8211; Crear un texto- Incorporar un video &#8211; Subir material de estudio- Crear un foro<\/td><td><a href=\"https:\/\/ifdclp-ers.infd.edu.ar\/aula\/archivos\/repositorio\/\/0\/213\/Ficha_de_Trabajo_VersionDocente2026.pdf\" data-type=\"URL\" data-id=\"https:\/\/ifdclp-ers.infd.edu.ar\/aula\/archivos\/repositorio\/\/0\/213\/Ficha_de_Trabajo_VersionDocente2026.pdf\"><img decoding=\"async\" src=\"https:\/\/ifdclp-ers.infd.edu.ar\/sitio\/wp-content\/uploads\/2018\/08\/icono_pdf.gif\" alt=\"Icono pdf\"><\/a><\/td><\/tr><\/tbody><\/table><\/figure>\n\n\n<p><strong>TUTORIALES SAGE:<\/strong> Los siguientes tr\u00e1mites se pueden realizar directamente por SAGE, sin necesidad de&nbsp; viajar al organismo central en Paran\u00e1:<\/p>\n<ul>\n<li>Registro y actualizaci\u00f3n de datos personales y domicilio<\/li>\n<li>Registro de t\u00edtulo<\/li>\n<li>Carga, validaci\u00f3n y consulta de traslado<\/li>\n<\/ul>\n\n\n<div class=\"wp-block-columns is-layout-flex wp-container-3\">\n<div class=\"wp-block-column is-layout-flow\">\n<figure class=\"wp-block-embed is-type-video is-provider-youtube wp-block-embed-youtube wp-embed-aspect-16-9 wp-has-aspect-ratio\"><div class=\"wp-block-embed__wrapper\">\n<iframe loading=\"lazy\" title=\"Legajo Digital | Registro de datos personales\" width=\"1200\" height=\"675\" src=\"https:\/\/www.youtube.com\/embed\/AIqy3neVjrY?list=PLYtQxkepPy3eAo3N6xHn8qSVrLkC1SNp9\" frameborder=\"0\" allow=\"accelerometer; autoplay; clipboard-write; encrypted-media; gyroscope; picture-in-picture; web-share\" referrerpolicy=\"strict-origin-when-cross-origin\" allowfullscreen><\/iframe>\n<\/div><\/figure>\n<\/div>\n\n\n\n<div class=\"wp-block-column is-layout-flow\">\n<figure class=\"wp-block-table\"><table><tbody><tr><td><strong>TUTORIALES SAGE<\/strong><\/td><td><\/td><\/tr><tr><td>Carga, validaci\u00f3n y consulta de traslado<\/td><td><a href=\"https:\/\/ifdclp-ers.infd.edu.ar\/sitio\/wp-content\/uploads\/2023\/10\/CARGA-TRASLADO.pdf\" data-type=\"URL\" data-id=\"https:\/\/ifdclp-ers.infd.edu.ar\/sitio\/wp-content\/uploads\/2023\/05\/planilla-de-inscripcion-2300.pdf\"><img decoding=\"async\" src=\"https:\/\/ifdclp-ers.infd.edu.ar\/sitio\/wp-content\/uploads\/2018\/08\/icono_pdf.gif\" alt=\"Icono pdf\"><\/a><\/td><\/tr><tr><td>Registro y actualizaci\u00f3n de datos personales y domicilio- Registro de t\u00edtulo<\/td><td><a href=\"https:\/\/ifdclp-ers.infd.edu.ar\/sitio\/wp-content\/uploads\/2023\/10\/Instructivo-Nuevo-Procedimiento-Registro-y-Actualizacion-de-Datos-Personales-y-Titulos.pdf\" data-type=\"URL\" data-id=\"https:\/\/ifdclp-ers.infd.edu.ar\/sitio\/wp-content\/uploads\/2023\/05\/planilla-de-inscripcion-2300.pdf\"><img decoding=\"async\" src=\"https:\/\/ifdclp-ers.infd.edu.ar\/sitio\/wp-content\/uploads\/2018\/08\/icono_pdf.gif\" alt=\"Icono pdf\"><\/a><\/td><\/tr><\/tbody><\/table><\/figure>\n<\/div>\n<\/div>\n","protected":false},"excerpt":{"rendered":"<p>Alta individual de estudiante Alta de listado de estudiantes a un aula Crear una clase &#8211; Crear un texto- Incorporar un video &#8211; Subir material de estudio- Crear un foro TUTORIALES SAGE: Los siguientes tr\u00e1mites se pueden realizar directamente por SAGE, sin necesidad de&nbsp; viajar al organismo central en Paran\u00e1: Registro y actualizaci\u00f3n de datos &#8230; <a title=\"Tutoriales aulas INFOD\" class=\"read-more\" href=\"https:\/\/ifdclp-ers.infd.edu.ar\/sitio\/inicio\/instructivos-para-tramites-sage\/\" aria-label=\"More on Tutoriales aulas INFOD\">[+]<\/a><\/p>\n","protected":false},"author":386,"featured_media":0,"parent":286,"menu_order":0,"comment_status":"closed","ping_status":"closed","template":"","meta":[],"acf":[],"_links":{"self":[{"href":"https:\/\/ifdclp-ers.infd.edu.ar\/sitio\/wp-json\/wp\/v2\/pages\/817"}],"collection":[{"href":"https:\/\/ifdclp-ers.infd.edu.ar\/sitio\/wp-json\/wp\/v2\/pages"}],"about":[{"href":"https:\/\/ifdclp-ers.infd.edu.ar\/sitio\/wp-json\/wp\/v2\/types\/page"}],"author":[{"embeddable":true,"href":"https:\/\/ifdclp-ers.infd.edu.ar\/sitio\/wp-json\/wp\/v2\/users\/386"}],"replies":[{"embeddable":true,"href":"https:\/\/ifdclp-ers.infd.edu.ar\/sitio\/wp-json\/wp\/v2\/comments?post=817"}],"version-history":[{"count":19,"href":"https:\/\/ifdclp-ers.infd.edu.ar\/sitio\/wp-json\/wp\/v2\/pages\/817\/revisions"}],"predecessor-version":[{"id":1608,"href":"https:\/\/ifdclp-ers.infd.edu.ar\/sitio\/wp-json\/wp\/v2\/pages\/817\/revisions\/1608"}],"up":[{"embeddable":true,"href":"https:\/\/ifdclp-ers.infd.edu.ar\/sitio\/wp-json\/wp\/v2\/pages\/286"}],"wp:attachment":[{"href":"https:\/\/ifdclp-ers.infd.edu.ar\/sitio\/wp-json\/wp\/v2\/media?parent=817"}],"curies":[{"name":"wp","href":"https:\/\/api.w.org\/{rel}","templated":true}]}}