{"id":286,"date":"2016-10-31T13:17:59","date_gmt":"2016-10-31T16:17:59","guid":{"rendered":"https:\/\/ifdclp-ers.infd.edu.ar\/sitio\/?page_id=286"},"modified":"2025-11-28T12:57:54","modified_gmt":"2025-11-28T15:57:54","slug":"inicio","status":"publish","type":"page","link":"https:\/\/ifdclp-ers.infd.edu.ar\/sitio\/","title":{"rendered":"Inicio"},"content":{"rendered":"<figure id=\"attachment_1577\" aria-describedby=\"caption-attachment-1577\" style=\"width: 418px\" class=\"wp-caption alignright\"><a href=\"https:\/\/ifdclp-ers.infd.edu.ar\/sitio\/examenes-finales-2do-llamado-diciembre\/\" target=\"_blank\" rel=\"noopener\"><img decoding=\"async\" loading=\"lazy\" class=\"wp-image-1577\" src=\"https:\/\/ifdclp-ers.infd.edu.ar\/sitio\/wp-content\/uploads\/2025\/11\/Kit-basico-para-el-primer-trabajo-3-1000x250.gif\" alt=\"\" width=\"428\" height=\"107\" srcset=\"https:\/\/ifdclp-ers.infd.edu.ar\/sitio\/wp-content\/uploads\/2025\/11\/Kit-basico-para-el-primer-trabajo-3-1000x250.gif 1000w, https:\/\/ifdclp-ers.infd.edu.ar\/sitio\/wp-content\/uploads\/2025\/11\/Kit-basico-para-el-primer-trabajo-3-768x192.gif 768w, https:\/\/ifdclp-ers.infd.edu.ar\/sitio\/wp-content\/uploads\/2025\/11\/Kit-basico-para-el-primer-trabajo-3-1536x384.gif 1536w\" sizes=\"(max-width: 428px) 100vw, 428px\" \/><\/a><figcaption id=\"caption-attachment-1577\" class=\"wp-caption-text\"><strong>INSCRIPCI\u00d3N A MESAS &#8211; 2\u00b0 LLAMADO: 04\/12\/2025 y 05\/12\/2025<\/strong><\/figcaption><\/figure>\n<p>&nbsp;<\/p>\n<p><img decoding=\"async\" loading=\"lazy\" class=\"size-medium wp-image-1436 aligncenter\" src=\"https:\/\/ifdclp-ers.infd.edu.ar\/sitio\/wp-content\/uploads\/2025\/09\/489149435_1223850989740763_7048116591328397957_n-1-1000x377.jpg\" alt=\"\" width=\"1000\" height=\"377\" srcset=\"https:\/\/ifdclp-ers.infd.edu.ar\/sitio\/wp-content\/uploads\/2025\/09\/489149435_1223850989740763_7048116591328397957_n-1-1000x377.jpg 1000w, https:\/\/ifdclp-ers.infd.edu.ar\/sitio\/wp-content\/uploads\/2025\/09\/489149435_1223850989740763_7048116591328397957_n-1-768x289.jpg 768w, https:\/\/ifdclp-ers.infd.edu.ar\/sitio\/wp-content\/uploads\/2025\/09\/489149435_1223850989740763_7048116591328397957_n-1.jpg 1280w\" sizes=\"(max-width: 1000px) 100vw, 1000px\" \/><\/p>\n<p><a href=\"https:\/\/www.facebook.com\/InstitutoRogelioLeites\/\" target=\"_blank\" rel=\"noopener\"><img decoding=\"async\" loading=\"lazy\" class=\"wp-image-1099 alignright\" src=\"https:\/\/ifdclp-ers.infd.edu.ar\/sitio\/wp-content\/uploads\/2021\/10\/Grafico1-1.png\" alt=\"\" width=\"149\" height=\"18\" \/><\/a><\/p>\n<hr \/>\n<style>.wp-show-posts-columns#wpsp-383 {margin-left: -2em; }.wp-show-posts-columns#wpsp-383 .wp-show-posts-inner {margin: 0 0 2em 2em; }<\/style><section id=\"wpsp-383\" class=\" wp-show-posts\" style=\"\"><article class=\" wp-show-posts-single wpsp-clearfix post-1566 post type-post status-publish format-standard hentry category-alumnos\" itemtype=\"http:\/\/schema.org\/CreativeWork\" itemscope><div class=\"wp-show-posts-inner\" style=\"\">\t\t\t\t\t\t<header class=\"wp-show-posts-entry-header\">\n\t\t\t\t\t\t\t<h4 class=\"wp-show-posts-entry-title\" itemprop=\"headline\"><a href=\"https:\/\/ifdclp-ers.infd.edu.ar\/sitio\/examenes-finales-2do-llamado-diciembre\/\" rel=\"bookmark\">Ex\u00e1menes Finales- 2do. llamado -Turno Diciembre<\/a><\/h4><div class=\"wp-show-posts-entry-meta wp-show-posts-entry-meta-below-title post-meta-inline\"><span class=\"wp-show-posts-posted-on wp-show-posts-meta\">\n\t\t\t\t\t<a href=\"https:\/\/ifdclp-ers.infd.edu.ar\/sitio\/examenes-finales-2do-llamado-diciembre\/\" title=\"12:09 pm\" rel=\"bookmark\"><time class=\"wp-show-posts-entry-date published\" datetime=\"2025-11-28T12:09:27-03:00\" itemprop=\"datePublished\">28 noviembre, 2025<\/time><time class=\"wp-show-posts-updated\" datetime=\"2025-11-28T14:05:11-03:00\" itemprop=\"dateModified\">28 noviembre, 2025<\/time><\/a>\n\t\t\t\t<\/span><\/div>\t\t\t\t\t\t<\/header><!-- .entry-header -->\n\t\t\t\t\t\t\t\t\t\t\t<div class=\"wp-show-posts-entry-summary\" itemprop=\"text\">\n\t\t\t\t\t\t\t<p>FORMULARIOS DE INSCRIPCI\u00d3N TECNICATURA SUPERIOR EN ENFERMER\u00cdA&nbsp;&#8211; Formulario de inscripci\u00f3n https:\/\/docs.google.com\/forms\/d\/e\/1FAIpQLScyW3rc9Y9lM1t0nkS0lR4XmclXUDdRAl0yeRdUbVc87e9Lig\/viewform?usp=header PROFESORADO DE EDUCACI\u00d3N PRIMARIA&nbsp;-Formulario de Inscripci\u00f3n https:\/\/docs.google.com\/forms\/d\/e\/1FAIpQLSdVCyNfrvCxwRqqZ06MJPczBkUN6dwS6GIkQtKSbVtxtCK2wA\/viewform?usp=header PROFESORADO DE&#8230;<\/p>\n\t\t\t\t\t\t<\/div><!-- .entry-summary -->\n\t\t\t\t\t<div class=\"wpsp-read-more\"><a title=\"Ex\u00e1menes Finales- 2do. llamado -Turno Diciembre\" class=\"mi-boton\" href=\"https:\/\/ifdclp-ers.infd.edu.ar\/sitio\/examenes-finales-2do-llamado-diciembre\/\">Leer<\/a><\/div><\/div><!-- wp-show-posts-inner --><div class=\"wpsp-clear\"><\/div><\/article><article class=\" wp-show-posts-single wpsp-clearfix post-1551 post type-post status-publish format-standard hentry category-institucionales category-sin-categoria\" itemtype=\"http:\/\/schema.org\/CreativeWork\" itemscope><div class=\"wp-show-posts-inner\" style=\"\">\t\t\t\t\t\t<header class=\"wp-show-posts-entry-header\">\n\t\t\t\t\t\t\t<h4 class=\"wp-show-posts-entry-title\" itemprop=\"headline\"><a href=\"https:\/\/ifdclp-ers.infd.edu.ar\/sitio\/concursos-2\/\" rel=\"bookmark\">Concursos<\/a><\/h4><div class=\"wp-show-posts-entry-meta wp-show-posts-entry-meta-below-title post-meta-inline\"><span class=\"wp-show-posts-posted-on wp-show-posts-meta\">\n\t\t\t\t\t<a href=\"https:\/\/ifdclp-ers.infd.edu.ar\/sitio\/concursos-2\/\" title=\"8:48 pm\" rel=\"bookmark\"><time class=\"wp-show-posts-entry-date published\" datetime=\"2025-11-26T20:48:17-03:00\" itemprop=\"datePublished\">26 noviembre, 2025<\/time><time class=\"wp-show-posts-updated\" datetime=\"2025-11-28T12:11:18-03:00\" itemprop=\"dateModified\">28 noviembre, 2025<\/time><\/a>\n\t\t\t\t<\/span><\/div>\t\t\t\t\t\t<\/header><!-- .entry-header -->\n\t\t\t\t\t\t\t\t\t\t\t<div class=\"wp-show-posts-entry-summary\" itemprop=\"text\">\n\t\t\t\t\t\t\t<p>CONVOCATORIA 25-2025. (Para a\u00f1o acad\u00e9mico 2026) con presentaci\u00f3n de proyectos.PRIMER LLAMADO- Desde el 25\/11\/2025 al 01\/12\/2025 PROFESORADO DE EDUCACI\u00d3N TECNOL\u00d3GICA&#8230;<\/p>\n\t\t\t\t\t\t<\/div><!-- .entry-summary -->\n\t\t\t\t\t<div class=\"wpsp-read-more\"><a title=\"Concursos\" class=\"mi-boton\" href=\"https:\/\/ifdclp-ers.infd.edu.ar\/sitio\/concursos-2\/\">Leer<\/a><\/div><\/div><!-- wp-show-posts-inner --><div class=\"wpsp-clear\"><\/div><\/article><article class=\" wp-show-posts-single wpsp-clearfix post-1512 post type-post status-publish format-standard hentry category-institucionales category-noticias\" itemtype=\"http:\/\/schema.org\/CreativeWork\" itemscope><div class=\"wp-show-posts-inner\" style=\"\">\t\t\t\t\t\t<header class=\"wp-show-posts-entry-header\">\n\t\t\t\t\t\t\t<h4 class=\"wp-show-posts-entry-title\" itemprop=\"headline\"><a href=\"https:\/\/ifdclp-ers.infd.edu.ar\/sitio\/comunicado-2\/\" rel=\"bookmark\">Comunicado<\/a><\/h4><div class=\"wp-show-posts-entry-meta wp-show-posts-entry-meta-below-title post-meta-inline\"><span class=\"wp-show-posts-posted-on wp-show-posts-meta\">\n\t\t\t\t\t<a href=\"https:\/\/ifdclp-ers.infd.edu.ar\/sitio\/comunicado-2\/\" title=\"10:16 pm\" rel=\"bookmark\"><time class=\"wp-show-posts-entry-date published\" datetime=\"2025-10-24T22:16:00-03:00\" itemprop=\"datePublished\">24 octubre, 2025<\/time><time class=\"wp-show-posts-updated\" datetime=\"2025-10-28T22:37:55-03:00\" itemprop=\"dateModified\">28 octubre, 2025<\/time><\/a>\n\t\t\t\t<\/span><\/div>\t\t\t\t\t\t<\/header><!-- .entry-header -->\n\t\t\t\t\t\t\t\t\t\t\t<div class=\"wp-show-posts-entry-summary\" itemprop=\"text\">\n\t\t\t\t\t\t\t<p>La Paz, 24 de octubre de 2025. El ISFD Prof. Rogelio Leites informa a los interesados que se encuentra expuesto&#8230;<\/p>\n\t\t\t\t\t\t<\/div><!-- .entry-summary -->\n\t\t\t\t\t<div class=\"wpsp-read-more\"><a title=\"Comunicado\" class=\"mi-boton\" href=\"https:\/\/ifdclp-ers.infd.edu.ar\/sitio\/comunicado-2\/\">Leer<\/a><\/div><\/div><!-- wp-show-posts-inner --><div class=\"wpsp-clear\"><\/div><\/article><article class=\" wp-show-posts-single wpsp-clearfix post-1508 post type-post status-publish format-standard hentry category-institucionales category-noticias\" itemtype=\"http:\/\/schema.org\/CreativeWork\" itemscope><div class=\"wp-show-posts-inner\" style=\"\">\t\t\t\t\t\t<header class=\"wp-show-posts-entry-header\">\n\t\t\t\t\t\t\t<h4 class=\"wp-show-posts-entry-title\" itemprop=\"headline\"><a href=\"https:\/\/ifdclp-ers.infd.edu.ar\/sitio\/concursos\/\" rel=\"bookmark\">Concursos<\/a><\/h4><div class=\"wp-show-posts-entry-meta wp-show-posts-entry-meta-below-title post-meta-inline\"><span class=\"wp-show-posts-posted-on wp-show-posts-meta\">\n\t\t\t\t\t<a href=\"https:\/\/ifdclp-ers.infd.edu.ar\/sitio\/concursos\/\" title=\"10:24 pm\" rel=\"bookmark\"><time class=\"wp-show-posts-entry-date published\" datetime=\"2025-10-13T22:24:19-03:00\" itemprop=\"datePublished\">13 octubre, 2025<\/time><time class=\"wp-show-posts-updated\" datetime=\"2025-10-20T22:18:53-03:00\" itemprop=\"dateModified\">20 octubre, 2025<\/time><\/a>\n\t\t\t\t<\/span><\/div>\t\t\t\t\t\t<\/header><!-- .entry-header -->\n\t\t\t\t\t\t\t\t\t\t\t<div class=\"wp-show-posts-entry-summary\" itemprop=\"text\">\n\t\t\t\t\t\t\t<p>CONVOCATORIA 22-2025. SEGUNDO LLAMADO Desde: 13\/10\/2025 Hasta:15\/10\/2025 TECNICATURA SUPERIOR EN ENFERMER\u00cdA \u2013 RES. N\u00ba620\/15 CGE \u2013TERCER A\u00d1O -ALIMENTACI\u00d3N, NUTRICI\u00d3N Y&#8230;<\/p>\n\t\t\t\t\t\t<\/div><!-- .entry-summary -->\n\t\t\t\t\t<div class=\"wpsp-read-more\"><a title=\"Concursos\" class=\"mi-boton\" href=\"https:\/\/ifdclp-ers.infd.edu.ar\/sitio\/concursos\/\">Leer<\/a><\/div><\/div><!-- wp-show-posts-inner --><div class=\"wpsp-clear\"><\/div><\/article><\/section><!-- .wp-show-posts -->\n<hr \/>\n<p>&nbsp;<\/p>\n<p><img decoding=\"async\" loading=\"lazy\" class=\"alignnone size-medium wp-image-1493\" src=\"https:\/\/ifdclp-ers.infd.edu.ar\/sitio\/wp-content\/uploads\/2025\/10\/WhatsApp-Image-2025-10-01-at-10.07.50-PM-650x1000.jpeg\" alt=\"\" width=\"650\" height=\"1000\" srcset=\"https:\/\/ifdclp-ers.infd.edu.ar\/sitio\/wp-content\/uploads\/2025\/10\/WhatsApp-Image-2025-10-01-at-10.07.50-PM-650x1000.jpeg 650w, https:\/\/ifdclp-ers.infd.edu.ar\/sitio\/wp-content\/uploads\/2025\/10\/WhatsApp-Image-2025-10-01-at-10.07.50-PM.jpeg 720w\" sizes=\"(max-width: 650px) 100vw, 650px\" \/><\/p>\n","protected":false},"excerpt":{"rendered":"<p>&nbsp; &nbsp;<\/p>\n","protected":false},"author":1,"featured_media":0,"parent":0,"menu_order":0,"comment_status":"closed","ping_status":"closed","template":"","meta":[],"acf":[],"_links":{"self":[{"href":"https:\/\/ifdclp-ers.infd.edu.ar\/sitio\/wp-json\/wp\/v2\/pages\/286"}],"collection":[{"href":"https:\/\/ifdclp-ers.infd.edu.ar\/sitio\/wp-json\/wp\/v2\/pages"}],"about":[{"href":"https:\/\/ifdclp-ers.infd.edu.ar\/sitio\/wp-json\/wp\/v2\/types\/page"}],"author":[{"embeddable":true,"href":"https:\/\/ifdclp-ers.infd.edu.ar\/sitio\/wp-json\/wp\/v2\/users\/1"}],"replies":[{"embeddable":true,"href":"https:\/\/ifdclp-ers.infd.edu.ar\/sitio\/wp-json\/wp\/v2\/comments?post=286"}],"version-history":[{"count":262,"href":"https:\/\/ifdclp-ers.infd.edu.ar\/sitio\/wp-json\/wp\/v2\/pages\/286\/revisions"}],"predecessor-version":[{"id":1585,"href":"https:\/\/ifdclp-ers.infd.edu.ar\/sitio\/wp-json\/wp\/v2\/pages\/286\/revisions\/1585"}],"wp:attachment":[{"href":"https:\/\/ifdclp-ers.infd.edu.ar\/sitio\/wp-json\/wp\/v2\/media?parent=286"}],"curies":[{"name":"wp","href":"https:\/\/api.w.org\/{rel}","templated":true}]}}