{"id":1374,"date":"2025-06-09T22:29:13","date_gmt":"2025-06-10T01:29:13","guid":{"rendered":"https:\/\/ifdclp-ers.infd.edu.ar\/sitio\/?page_id=1374"},"modified":"2025-06-09T22:40:01","modified_gmt":"2025-06-10T01:40:01","slug":"profesorado-de-educacion-tecnologica","status":"publish","type":"page","link":"https:\/\/ifdclp-ers.infd.edu.ar\/sitio\/profesorado-de-educacion-tecnologica\/","title":{"rendered":"Profesorado de Educaci\u00f3n Tecnol\u00f3gica"},"content":{"rendered":"\n<figure class=\"wp-block-table\"><table><tbody><tr><td>Dise\u00f1o curricular del Profesorado de Educaci\u00f3n Tecnol\u00f3gica<\/td><td><a href=\"https:\/\/ifdclp-ers.infd.edu.ar\/sitio\/wp-content\/uploads\/2025\/06\/4798-15_CGE_compressed.pdf\" data-type=\"URL\" data-id=\"https:\/\/ifdclp-ers.infd.edu.ar\/sitio\/wp-content\/uploads\/2025\/06\/4798-15_CGE_compressed.pdf\"><img decoding=\"async\" loading=\"lazy\" width=\"32\" height=\"32\" class=\"wp-image-766\" style=\"width: 32px;\" src=\"https:\/\/ifdclp-ers.infd.edu.ar\/sitio\/wp-content\/uploads\/2018\/08\/icono_pdf.gif\" alt=\"\"><\/a><\/td><\/tr><tr><td>Ampliatoria de dise\u00f1o curricular del Profesorado en Educaci\u00f3n Tecnol\u00f3gica<\/td><td><a href=\"https:\/\/ifdclp-ers.infd.edu.ar\/sitio\/wp-content\/uploads\/2025\/06\/Resolucion_1418-17_CGE-1.pdf\" data-type=\"URL\" data-id=\"https:\/\/ifdclp-ers.infd.edu.ar\/sitio\/wp-content\/uploads\/2025\/06\/Resolucion_1418-17_CGE-1.pdf\"><img decoding=\"async\" loading=\"lazy\" width=\"32\" height=\"32\" class=\"wp-image-766\" style=\"width: 32px;\" src=\"https:\/\/ifdclp-ers.infd.edu.ar\/sitio\/wp-content\/uploads\/2018\/08\/icono_pdf.gif\" alt=\"\"><\/a><\/td><\/tr><\/tbody><\/table><\/figure>\n","protected":false},"excerpt":{"rendered":"<p>Dise\u00f1o curricular del Profesorado de Educaci\u00f3n Tecnol\u00f3gica Ampliatoria de dise\u00f1o curricular del Profesorado en Educaci\u00f3n Tecnol\u00f3gica<\/p>\n","protected":false},"author":386,"featured_media":0,"parent":0,"menu_order":0,"comment_status":"closed","ping_status":"closed","template":"","meta":[],"acf":[],"_links":{"self":[{"href":"https:\/\/ifdclp-ers.infd.edu.ar\/sitio\/wp-json\/wp\/v2\/pages\/1374"}],"collection":[{"href":"https:\/\/ifdclp-ers.infd.edu.ar\/sitio\/wp-json\/wp\/v2\/pages"}],"about":[{"href":"https:\/\/ifdclp-ers.infd.edu.ar\/sitio\/wp-json\/wp\/v2\/types\/page"}],"author":[{"embeddable":true,"href":"https:\/\/ifdclp-ers.infd.edu.ar\/sitio\/wp-json\/wp\/v2\/users\/386"}],"replies":[{"embeddable":true,"href":"https:\/\/ifdclp-ers.infd.edu.ar\/sitio\/wp-json\/wp\/v2\/comments?post=1374"}],"version-history":[{"count":4,"href":"https:\/\/ifdclp-ers.infd.edu.ar\/sitio\/wp-json\/wp\/v2\/pages\/1374\/revisions"}],"predecessor-version":[{"id":1380,"href":"https:\/\/ifdclp-ers.infd.edu.ar\/sitio\/wp-json\/wp\/v2\/pages\/1374\/revisions\/1380"}],"wp:attachment":[{"href":"https:\/\/ifdclp-ers.infd.edu.ar\/sitio\/wp-json\/wp\/v2\/media?parent=1374"}],"curies":[{"name":"wp","href":"https:\/\/api.w.org\/{rel}","templated":true}]}}