{"id":1066,"date":"2021-09-16T12:10:11","date_gmt":"2021-09-16T15:10:11","guid":{"rendered":"https:\/\/ifdclp-ers.infd.edu.ar\/sitio\/?page_id=1066"},"modified":"2026-03-27T10:02:26","modified_gmt":"2026-03-27T13:02:26","slug":"secretaria-academica","status":"publish","type":"page","link":"https:\/\/ifdclp-ers.infd.edu.ar\/sitio\/secretaria-academica\/","title":{"rendered":"Secretar\u00eda Acad\u00e9mica"},"content":{"rendered":"\n<div class=\"wp-block-columns is-layout-flex wp-container-2\">\n<div class=\"wp-block-column is-layout-flow\" style=\"flex-basis:100%\">\n<p><\/p>\n\n\n\n<figure class=\"wp-block-table is-style-stripes\"><table><tbody><tr><td>UDI : LECTURA, ESCRITURA Y ORALIDAD ACAD\u00c9MICA EN ENFERMER\u00cdA (1er. a\u00f1o Tecnicatura Sup. en Enfermer\u00eda)-<strong>2025<\/strong><\/td><td><a href=\"https:\/\/ifdclp-ers.infd.edu.ar\/sitio\/wp-content\/uploads\/2025\/04\/UDI-I-Enfermeria.pdf\" data-type=\"URL\" data-id=\"https:\/\/ifdclp-ers.infd.edu.ar\/sitio\/wp-content\/uploads\/2025\/04\/UDI-I-Enfermeria.pdf\"><img decoding=\"async\" src=\"https:\/\/ifdclp-ers.infd.edu.ar\/sitio\/wp-content\/uploads\/2018\/08\/icono_pdf.gif\" alt=\"Icono pdf\"><\/a><\/td><\/tr><tr><td>UDI: LA COMUNICACI\u00d3N DEL ENFERMERO EN MOMENTOS DE CRISIS Y DUELO: UN ENFOQUE INTEGRAL (2do. a\u00f1o Tecnicatura Sup. en Enfermer\u00eda)-<strong>2025<\/strong><\/td><td><a href=\"https:\/\/ifdclp-ers.infd.edu.ar\/aula\/archivos\/repositorio\/\/0\/184\/UDI_II_ENFERMERIA.pdf\" data-type=\"URL\" data-id=\"https:\/\/ifdclp-ers.infd.edu.ar\/aula\/archivos\/repositorio\/\/0\/184\/UDI_II_ENFERMERIA.pdf\"><img decoding=\"async\" src=\"https:\/\/ifdclp-ers.infd.edu.ar\/sitio\/wp-content\/uploads\/2018\/08\/icono_pdf.gif\" alt=\"Icono pdf\"><\/a><\/td><\/tr><tr><td>UDI: MATEM\u00c1TICA APLICADA A LA ENFERMER\u00cdA (3er. a\u00f1o Tecnicatura Sup. en Enfermer\u00eda)-<strong>2025<\/strong><\/td><td><a href=\"https:\/\/ifdclp-ers.infd.edu.ar\/aula\/archivos\/repositorio\/\/0\/185\/UDI_III_ENFERMERIA.pdf\" data-type=\"URL\" data-id=\"https:\/\/ifdclp-ers.infd.edu.ar\/aula\/archivos\/repositorio\/\/0\/185\/UDI_III_ENFERMERIA.pdf\"><img decoding=\"async\" src=\"https:\/\/ifdclp-ers.infd.edu.ar\/sitio\/wp-content\/uploads\/2018\/08\/icono_pdf.gif\" alt=\"Icono pdf\"><\/a><\/td><\/tr><tr><td>UDI: LA FORMACI\u00d3N ETICA Y CIUDADANA EN LA ESCUELA SECUNDARIA: ENCUADRE TE\u00d3RICO \u2013 PR\u00c1CTICO PARA EL EJERCICIO PLENO DE LA CIUDADAN\u00cdA (3ER. A\u00d1O DE HISTORIA)-<strong>2025<\/strong><\/td><td><a href=\"https:\/\/ifdclp-ers.infd.edu.ar\/aula\/archivos\/repositorio\/\/0\/186\/UDI_3_FEYC_1.pdf\" data-type=\"URL\" data-id=\"https:\/\/ifdclp-ers.infd.edu.ar\/aula\/archivos\/repositorio\/\/0\/186\/UDI_3_FEYC_1.pdf\"><img decoding=\"async\" src=\"https:\/\/ifdclp-ers.infd.edu.ar\/sitio\/wp-content\/uploads\/2018\/08\/icono_pdf.gif\" alt=\"Icono pdf\"><\/a><\/td><\/tr><tr><td>PAUTAS PARA LA PRESENTACI\u00d3N DE PROYECTOS DE C\u00c1TEDRA<\/td><td><a href=\"https:\/\/ifdclp-ers.infd.edu.ar\/sitio\/wp-content\/uploads\/2025\/04\/PAUTAS-PRESENTACION-DE-PROYECTOS-ART.-80.pdf\" data-type=\"URL\" data-id=\"https:\/\/ifdclp-ers.infd.edu.ar\/sitio\/wp-content\/uploads\/2025\/04\/PAUTAS-PRESENTACION-DE-PROYECTOS-ART.-80.pdf\"><img decoding=\"async\" src=\"https:\/\/ifdclp-ers.infd.edu.ar\/sitio\/wp-content\/uploads\/2018\/08\/icono_pdf.gif\" alt=\"Icono pdf\"><\/a><\/td><\/tr><tr><td>PAUTAS Y REQUISITOS PRESENTACI\u00d3N DE PROYECTOS -UDI- (ENFERMER\u00cdA)<\/td><td><a href=\"https:\/\/ifdclp-ers.infd.edu.ar\/aula\/archivos\/repositorio\/\/0\/182\/Pautas_UDI_Enfermeria.pdf\" data-type=\"URL\" data-id=\"https:\/\/ifdclp-ers.infd.edu.ar\/aula\/archivos\/repositorio\/\/0\/182\/Pautas_UDI_Enfermeria.pdf\"><img decoding=\"async\" src=\"https:\/\/ifdclp-ers.infd.edu.ar\/sitio\/wp-content\/uploads\/2018\/08\/icono_pdf.gif\" alt=\"Icono pdf\"><\/a><\/td><\/tr><tr><td>PAUTAS UDI-<strong> Historia del Arte <\/strong> (Profesorado de Historia 3er. A\u00f1o)<\/td><td><a href=\"https:\/\/ifdclp-ers.infd.edu.ar\/sitio\/wp-content\/uploads\/2023\/06\/UDI-ARTE-BASES-1.pdf\" data-type=\"URL\" data-id=\"https:\/\/ifdclp-ers.infd.edu.ar\/sitio\/wp-content\/uploads\/2023\/06\/UDI-ARTE-BASES-1.pdf\"><img decoding=\"async\" src=\"https:\/\/ifdclp-ers.infd.edu.ar\/sitio\/wp-content\/uploads\/2018\/08\/icono_pdf.gif\" alt=\"Icono pdf\"><\/a><\/td><\/tr><tr><td>PAUTAS UDI- <strong>Historia de la Historiograf\u00eda <\/strong>(Profesorado de Historia 4to. A\u00f1o)<\/td><td><a href=\"https:\/\/ifdclp-ers.infd.edu.ar\/sitio\/wp-content\/uploads\/2024\/04\/UDI-4-HISTORIA.pdf\"><img decoding=\"async\" src=\"https:\/\/ifdclp-ers.infd.edu.ar\/sitio\/wp-content\/uploads\/2018\/08\/icono_pdf.gif\" alt=\"Icono pdf\"><\/a><\/td><\/tr><tr><td>PAUTAS UDI- <strong>An\u00e1lisis del espacio geogr\u00e1fico desde contextos locales y<br>regionales<\/strong> (Profesorado de Geograf\u00eda 3er. A\u00f1o)<\/td><td><a href=\"https:\/\/ifdclp-ers.infd.edu.ar\/sitio\/wp-content\/uploads\/2024\/04\/UDI-3-GEOGRAFIA.pdf\"><img decoding=\"async\" src=\"https:\/\/ifdclp-ers.infd.edu.ar\/sitio\/wp-content\/uploads\/2018\/08\/icono_pdf.gif\" alt=\"Icono pdf\"><\/a><\/td><\/tr><tr><td>PAUTAS UDI- <strong>Ense\u00f1ar Geograf\u00eda hoy: reflexiones y nuevos enfoques did\u00e1cticos mediados por TIC<\/strong> (Profesorado de Geograf\u00eda 4to. A\u00f1o)<\/td><td><a href=\"https:\/\/ifdclp-ers.infd.edu.ar\/sitio\/wp-content\/uploads\/2024\/04\/UDI-4-GEOGRAFIA.pdf\"><img decoding=\"async\" src=\"https:\/\/ifdclp-ers.infd.edu.ar\/sitio\/wp-content\/uploads\/2018\/08\/icono_pdf.gif\" alt=\"Icono pdf\"><\/a><\/td><\/tr><tr><td>PAUTAS UDI-<strong>Modelos Matem\u00e1ticos Aplicados a la F\u00edsica<\/strong>. (Profesorado de Matem\u00e1tica 3er. A\u00f1o)<\/td><td><a href=\"https:\/\/ifdclp-ers.infd.edu.ar\/sitio\/wp-content\/uploads\/2026\/03\/UDI-3-MATEMATICA.pdf\" data-type=\"URL\" data-id=\"https:\/\/ifdclp-ers.infd.edu.ar\/sitio\/wp-content\/uploads\/2026\/03\/UDI-3-MATEMATICA.pdf\"><img decoding=\"async\" src=\"https:\/\/ifdclp-ers.infd.edu.ar\/sitio\/wp-content\/uploads\/2018\/08\/icono_pdf.gif\" alt=\"Icono pdf\"><\/a><\/td><\/tr><tr><td>PAUTAS UDI- <strong>La Matem\u00e1tica y su ense\u00f1anza en entornos virtuales<\/strong>.(Profesorado de Matem\u00e1tica 4to. A\u00f1o)<\/td><td><a href=\"https:\/\/ifdclp-ers.infd.edu.ar\/sitio\/wp-content\/uploads\/2024\/04\/UDI-4-MATEMATICA.pdf\"><img decoding=\"async\" src=\"https:\/\/ifdclp-ers.infd.edu.ar\/sitio\/wp-content\/uploads\/2018\/08\/icono_pdf.gif\" alt=\"Icono pdf\"><\/a><\/td><\/tr><tr><td>PAUTAS UDI: <strong>Condiciones Laborales y Marco Normativo del Nivel<\/strong> (Educ. Primaria 2do. A\u00f1o)<\/td><td><a href=\"https:\/\/ifdclp-ers.infd.edu.ar\/sitio\/wp-content\/uploads\/2024\/04\/UDI-2-PE-Primaria.pdf\"><img decoding=\"async\" src=\"https:\/\/ifdclp-ers.infd.edu.ar\/sitio\/wp-content\/uploads\/2018\/08\/icono_pdf.gif\" alt=\"Icono pdf\"><\/a><\/td><\/tr><tr><td>PAUTAS UDI: <strong>Medio escolar y alimentaci\u00f3n saludable<\/strong>  (Educ. Primaria 3er. A\u00f1o)<\/td><td><a href=\"https:\/\/ifdclp-ers.infd.edu.ar\/sitio\/wp-content\/uploads\/2024\/04\/UDI-3-PE-Primaria.pdf\"><img decoding=\"async\" src=\"https:\/\/ifdclp-ers.infd.edu.ar\/sitio\/wp-content\/uploads\/2018\/08\/icono_pdf.gif\" alt=\"Icono pdf\"><\/a><\/td><\/tr><tr><td>PAUTAS  UDI \u2013<strong> La inclusi\u00f3n en la Educaci\u00f3n Primaria desde la mirada del ni\u00f1o <\/strong>(Educ. Primaria 4to. a\u00f1o)<\/td><td><a href=\"https:\/\/ifdclp-ers.infd.edu.ar\/sitio\/wp-content\/uploads\/2024\/04\/UDI-4-PE-Primaria.pdf\"><img decoding=\"async\" src=\"https:\/\/ifdclp-ers.infd.edu.ar\/sitio\/wp-content\/uploads\/2018\/08\/icono_pdf.gif\" alt=\"Icono pdf\"><\/a><\/td><\/tr><tr><td>PAUTAS  UDI- <strong>Material did\u00e1ctico y Ense\u00f1anza de la Matem\u00e1tica<\/strong>  (Educ. Primaria 3er. A\u00f1o)<br><\/td><td><a href=\"https:\/\/ifdclp-ers.infd.edu.ar\/sitio\/wp-content\/uploads\/2024\/04\/UDI-III-PRIMARIA-Matematica.pdf\"><img decoding=\"async\" src=\"https:\/\/ifdclp-ers.infd.edu.ar\/sitio\/wp-content\/uploads\/2018\/08\/icono_pdf.gif\" alt=\"Icono pdf\"><\/a><\/td><\/tr><\/tbody><\/table><\/figure>\n<\/div>\n<\/div>\n\n\n\n<p><\/p>\n","protected":false},"excerpt":{"rendered":"<p>UDI : LECTURA, ESCRITURA Y ORALIDAD ACAD\u00c9MICA EN ENFERMER\u00cdA (1er. a\u00f1o Tecnicatura Sup. en Enfermer\u00eda)-2025 UDI: LA COMUNICACI\u00d3N DEL ENFERMERO EN MOMENTOS DE CRISIS Y DUELO: UN ENFOQUE INTEGRAL (2do. a\u00f1o Tecnicatura Sup. en Enfermer\u00eda)-2025 UDI: MATEM\u00c1TICA APLICADA A LA ENFERMER\u00cdA (3er. a\u00f1o Tecnicatura Sup. en Enfermer\u00eda)-2025 UDI: LA FORMACI\u00d3N ETICA Y CIUDADANA EN LA &#8230; <a title=\"Secretar\u00eda Acad\u00e9mica\" class=\"read-more\" href=\"https:\/\/ifdclp-ers.infd.edu.ar\/sitio\/secretaria-academica\/\" aria-label=\"More on Secretar\u00eda Acad\u00e9mica\">[+]<\/a><\/p>\n","protected":false},"author":386,"featured_media":0,"parent":0,"menu_order":0,"comment_status":"closed","ping_status":"closed","template":"","meta":[],"acf":[],"_links":{"self":[{"href":"https:\/\/ifdclp-ers.infd.edu.ar\/sitio\/wp-json\/wp\/v2\/pages\/1066"}],"collection":[{"href":"https:\/\/ifdclp-ers.infd.edu.ar\/sitio\/wp-json\/wp\/v2\/pages"}],"about":[{"href":"https:\/\/ifdclp-ers.infd.edu.ar\/sitio\/wp-json\/wp\/v2\/types\/page"}],"author":[{"embeddable":true,"href":"https:\/\/ifdclp-ers.infd.edu.ar\/sitio\/wp-json\/wp\/v2\/users\/386"}],"replies":[{"embeddable":true,"href":"https:\/\/ifdclp-ers.infd.edu.ar\/sitio\/wp-json\/wp\/v2\/comments?post=1066"}],"version-history":[{"count":34,"href":"https:\/\/ifdclp-ers.infd.edu.ar\/sitio\/wp-json\/wp\/v2\/pages\/1066\/revisions"}],"predecessor-version":[{"id":1591,"href":"https:\/\/ifdclp-ers.infd.edu.ar\/sitio\/wp-json\/wp\/v2\/pages\/1066\/revisions\/1591"}],"wp:attachment":[{"href":"https:\/\/ifdclp-ers.infd.edu.ar\/sitio\/wp-json\/wp\/v2\/media?parent=1066"}],"curies":[{"name":"wp","href":"https:\/\/api.w.org\/{rel}","templated":true}]}}